{"id":750,"date":"2023-11-02T09:46:37","date_gmt":"2023-11-02T13:46:37","guid":{"rendered":"https:\/\/phoenix.swlauriersb.qc.ca\/?page_id=750"},"modified":"2026-01-12T09:24:01","modified_gmt":"2026-01-12T14:24:01","slug":"equipe","status":"publish","type":"page","link":"https:\/\/phoenixalt.swlauriersb.qc.ca\/fr\/equipe\/","title":{"rendered":"\u00c9quipe"},"content":{"rendered":"\n<h2 class=\"wp-block-heading\">La famille de l\u2019\u00e9cole alternative de Phoenix<\/h2>\n\n\n\n<p>Tisser des liens avec nos \u00e9l\u00e8ves est au c\u0153ur de nos activit\u00e9s \u00e0 l\u2019\u00e9cole alternative Phoenix. Lorsque les \u00e9l\u00e8ves se joignent \u00e0 notre \u00e9cole, nous esp\u00e9rons leur donner le sentiment de faire partie de notre grande famille. Les membres du personnel enseignent, \u00e9coutent et encadrent.<\/p>\n\n\n\n<p>L\u2019int\u00e9gralit\u00e9 du personnel de l\u2019\u00e9cole alternative collabore pour offrir \u00e0 chaque \u00e9l\u00e8ve les \u00e9l\u00e9ments n\u00e9cessaires \u00e0 sa r\u00e9ussite, tant sur le plan acad\u00e9mique que personnel. Nous nous rencontrons r\u00e9guli\u00e8rement pour discuter des \u00e9l\u00e8ves qui ont des difficult\u00e9s et nous cherchons des solutions pour r\u00e9pondre aux besoins de chaque \u00e9l\u00e8ve. En tant que membres du personnel, nous nous effor\u00e7ons sans cesse de nous am\u00e9liorer et d\u2019am\u00e9liorer notre \u00e9cole.<\/p>\n\n\n\n<figure class=\"wp-block-image size-large is-resized\"><img decoding=\"async\" width=\"1024\" height=\"768\" src=\"https:\/\/phoenix.swlauriersb.qc.ca\/wp-content\/uploads\/sites\/3\/2023\/12\/Phoenix_staff_christmas_eng-1024x768.jpg\" alt=\"\" class=\"wp-image-677\" style=\"width:643px;height:auto\" title=\"\" srcset=\"https:\/\/phoenixalt.swlauriersb.qc.ca\/wp-content\/uploads\/sites\/3\/2023\/12\/Phoenix_staff_christmas_eng-1024x768.jpg 1024w, https:\/\/phoenixalt.swlauriersb.qc.ca\/wp-content\/uploads\/sites\/3\/2023\/12\/Phoenix_staff_christmas_eng-300x225.jpg 300w, https:\/\/phoenixalt.swlauriersb.qc.ca\/wp-content\/uploads\/sites\/3\/2023\/12\/Phoenix_staff_christmas_eng-768x576.jpg 768w, https:\/\/phoenixalt.swlauriersb.qc.ca\/wp-content\/uploads\/sites\/3\/2023\/12\/Phoenix_staff_christmas_eng-1536x1152.jpg 1536w, https:\/\/phoenixalt.swlauriersb.qc.ca\/wp-content\/uploads\/sites\/3\/2023\/12\/Phoenix_staff_christmas_eng-2048x1536.jpg 2048w\" sizes=\"(max-width: 1024px) 100vw, 1024px\" \/><\/figure>\n\n\n\n<h2 class=\"wp-block-heading\">Personnel de l\u2019\u00e9cole alternative Phoenix<\/h2>\n\n\n\n<div class=\"wp-block-columns is-layout-flex wp-container-core-columns-is-layout-1 wp-block-columns-is-layout-flex\">\n<div class=\"wp-block-column is-layout-flow wp-block-column-is-layout-flow\">\n<figure class=\"wp-block-image size-large\"><img decoding=\"async\" width=\"1024\" height=\"768\" src=\"https:\/\/phoenix.swlauriersb.qc.ca\/wp-content\/uploads\/sites\/3\/2023\/12\/Phoenix_staff_-in-staffroom_eng-1024x768.jpg\" alt=\"\" class=\"wp-image-675\" title=\"\" srcset=\"https:\/\/phoenixalt.swlauriersb.qc.ca\/wp-content\/uploads\/sites\/3\/2023\/12\/Phoenix_staff_-in-staffroom_eng-1024x768.jpg 1024w, https:\/\/phoenixalt.swlauriersb.qc.ca\/wp-content\/uploads\/sites\/3\/2023\/12\/Phoenix_staff_-in-staffroom_eng-300x225.jpg 300w, https:\/\/phoenixalt.swlauriersb.qc.ca\/wp-content\/uploads\/sites\/3\/2023\/12\/Phoenix_staff_-in-staffroom_eng-768x576.jpg 768w, https:\/\/phoenixalt.swlauriersb.qc.ca\/wp-content\/uploads\/sites\/3\/2023\/12\/Phoenix_staff_-in-staffroom_eng-1536x1152.jpg 1536w, https:\/\/phoenixalt.swlauriersb.qc.ca\/wp-content\/uploads\/sites\/3\/2023\/12\/Phoenix_staff_-in-staffroom_eng-2048x1536.jpg 2048w\" sizes=\"(max-width: 1024px) 100vw, 1024px\" \/><\/figure>\n<\/div>\n\n\n\n<div class=\"wp-block-column is-layout-flow wp-block-column-is-layout-flow\">\n<figure class=\"wp-block-image size-large is-resized\"><img decoding=\"async\" width=\"1024\" height=\"1024\" src=\"https:\/\/phoenix.swlauriersb.qc.ca\/wp-content\/uploads\/sites\/3\/2023\/12\/Phoenix_Staff_with-dog_eng-1024x1024.jpg\" alt=\"\" class=\"wp-image-680\" style=\"width:347px;height:auto\" title=\"\" srcset=\"https:\/\/phoenixalt.swlauriersb.qc.ca\/wp-content\/uploads\/sites\/3\/2023\/12\/Phoenix_Staff_with-dog_eng-1024x1024.jpg 1024w, https:\/\/phoenixalt.swlauriersb.qc.ca\/wp-content\/uploads\/sites\/3\/2023\/12\/Phoenix_Staff_with-dog_eng-300x300.jpg 300w, https:\/\/phoenixalt.swlauriersb.qc.ca\/wp-content\/uploads\/sites\/3\/2023\/12\/Phoenix_Staff_with-dog_eng-150x150.jpg 150w, https:\/\/phoenixalt.swlauriersb.qc.ca\/wp-content\/uploads\/sites\/3\/2023\/12\/Phoenix_Staff_with-dog_eng-768x768.jpg 768w, https:\/\/phoenixalt.swlauriersb.qc.ca\/wp-content\/uploads\/sites\/3\/2023\/12\/Phoenix_Staff_with-dog_eng.jpg 1125w\" sizes=\"(max-width: 1024px) 100vw, 1024px\" \/><\/figure>\n<\/div>\n<\/div>\n\n\n\n<div class=\"wp-block-columns is-layout-flex wp-container-core-columns-is-layout-2 wp-block-columns-is-layout-flex\">\n<div class=\"wp-block-column is-layout-flow wp-block-column-is-layout-flow\" style=\"flex-basis:33.33%\">\n<figure class=\"wp-block-image size-large\"><img decoding=\"async\" src=\"https:\/\/phoenixalt.swlauriersb.qc.ca\/wp-content\/uploads\/sites\/3\/2025\/08\/IMG_1500.png\" alt=\"\" class=\"wp-image-679\" title=\"\"><\/figure>\n<\/div>\n\n\n\n<div class=\"wp-block-column is-layout-flow wp-block-column-is-layout-flow\" style=\"flex-basis:66.66%\">\n<figure class=\"wp-block-image size-large is-resized\"><img decoding=\"async\" width=\"1024\" height=\"809\" src=\"https:\/\/phoenix.swlauriersb.qc.ca\/wp-content\/uploads\/sites\/3\/2023\/12\/Phonenix_staff_serving-food_eng-1024x809.jpg\" alt=\"\" class=\"wp-image-683\" style=\"width:315px;height:auto\" title=\"\" srcset=\"https:\/\/phoenixalt.swlauriersb.qc.ca\/wp-content\/uploads\/sites\/3\/2023\/12\/Phonenix_staff_serving-food_eng-1024x809.jpg 1024w, https:\/\/phoenixalt.swlauriersb.qc.ca\/wp-content\/uploads\/sites\/3\/2023\/12\/Phonenix_staff_serving-food_eng-300x237.jpg 300w, https:\/\/phoenixalt.swlauriersb.qc.ca\/wp-content\/uploads\/sites\/3\/2023\/12\/Phonenix_staff_serving-food_eng-768x607.jpg 768w, https:\/\/phoenixalt.swlauriersb.qc.ca\/wp-content\/uploads\/sites\/3\/2023\/12\/Phonenix_staff_serving-food_eng-1536x1213.jpg 1536w, https:\/\/phoenixalt.swlauriersb.qc.ca\/wp-content\/uploads\/sites\/3\/2023\/12\/Phonenix_staff_serving-food_eng-2048x1617.jpg 2048w\" sizes=\"(max-width: 1024px) 100vw, 1024px\" \/><\/figure>\n<\/div>\n<\/div>\n\n\n\n<p>Voici les membres de la famille de l\u2019\u00e9cole alternative Phoenix&nbsp;:<\/p>\n\n\n\n<figure class=\"wp-block-table\"><table class=\"has-fixed-layout\"><tbody><tr><td>Angela Brett&nbsp;<\/td><td>Conseill\u00e8re d\u2019orientation<\/td><\/tr><tr><td>Kate Holland&nbsp;<\/td><td>Technicienne en \u00e9ducation sp\u00e9cialis\u00e9e<\/td><\/tr><tr><td>Campbell Riddlle&nbsp;<\/td><td>Technicien en \u00e9ducation sp\u00e9cialis\u00e9e<\/td><\/tr><tr><td>Lisa Lagace&nbsp;<\/td><td>Concierge<\/td><\/tr><tr><td>Sophia Contaras&nbsp;<\/td><td>Pr\u00e9pos\u00e9e<\/td><\/tr>\n<tr><td>Vanessa Capozi<\/td><td>Pr\u00e9pos\u00e9e \/ Technicienne en \u00e9ducation sp\u00e9cialis\u00e9e<\/td><\/tr><tr><td>Vera Jug&nbsp;<\/td><td>Secr\u00e9taire<\/td><\/tr><tr><td>Irene Florakas&nbsp;<\/td><td>Enseignante<\/td><\/tr><tr><td>Sarmen Jakalian&nbsp;<\/td><td>Enseignante<\/td><\/tr><tr><td>Sarah Low&nbsp;<\/td><td>Enseignante<\/td><\/tr><tr><td>Daniel Spinali &nbsp;<\/td><td>Enseignant<\/td><\/tr><tr><td>Marianne Ouellet &nbsp;<\/td><td>Enseignante<\/td><\/tr><tr><td>Eric Paternostro &nbsp;<\/td><td>Enseignant<\/td><\/tr><tr><td>Shaun Diner &nbsp;<\/td><td>Enseignant<\/td><\/tr><tr><td>Janie Shepard &nbsp;<\/td><td>Enseignante<\/td><\/tr><tr><td>Daphney Bernavil &nbsp;<\/td><td>Directrice<\/td><\/tr><\/tbody><\/table><\/figure>\n","protected":false},"excerpt":{"rendered":"<p>La famille de l\u2019\u00e9cole alternative de Phoenix Tisser des liens avec nos \u00e9l\u00e8ves est au c\u0153ur de nos activit\u00e9s \u00e0 l\u2019\u00e9cole alternative Phoenix. Lorsque les \u00e9l\u00e8ves se joignent \u00e0 notre \u00e9cole, nous esp\u00e9rons leur donner le sentiment de faire partie de notre grande famille. Les membres du personnel enseignent, \u00e9coutent et encadrent. L\u2019int\u00e9gralit\u00e9 du personnel&hellip;<\/p>\n","protected":false},"author":1,"featured_media":1436,"parent":0,"menu_order":0,"comment_status":"closed","ping_status":"closed","template":"","meta":{"_acf_changed":false,"_relevanssi_hide_post":"","_relevanssi_hide_content":"","_relevanssi_pin_for_all":"","_relevanssi_pin_keywords":"","_relevanssi_unpin_keywords":"","_relevanssi_related_keywords":"","_relevanssi_related_include_ids":"","_relevanssi_related_exclude_ids":"","_relevanssi_related_no_append":"","_relevanssi_related_not_related":"","_relevanssi_related_posts":"1129","_relevanssi_noindex_reason":"","footnotes":""},"acf":[],"_links":{"self":[{"href":"https:\/\/phoenixalt.swlauriersb.qc.ca\/fr\/wp-json\/wp\/v2\/pages\/750"}],"collection":[{"href":"https:\/\/phoenixalt.swlauriersb.qc.ca\/fr\/wp-json\/wp\/v2\/pages"}],"about":[{"href":"https:\/\/phoenixalt.swlauriersb.qc.ca\/fr\/wp-json\/wp\/v2\/types\/page"}],"author":[{"embeddable":true,"href":"https:\/\/phoenixalt.swlauriersb.qc.ca\/fr\/wp-json\/wp\/v2\/users\/1"}],"replies":[{"embeddable":true,"href":"https:\/\/phoenixalt.swlauriersb.qc.ca\/fr\/wp-json\/wp\/v2\/comments?post=750"}],"version-history":[{"count":5,"href":"https:\/\/phoenixalt.swlauriersb.qc.ca\/fr\/wp-json\/wp\/v2\/pages\/750\/revisions"}],"predecessor-version":[{"id":1493,"href":"https:\/\/phoenixalt.swlauriersb.qc.ca\/fr\/wp-json\/wp\/v2\/pages\/750\/revisions\/1493"}],"wp:featuredmedia":[{"embeddable":true,"href":"https:\/\/phoenixalt.swlauriersb.qc.ca\/fr\/wp-json\/wp\/v2\/media\/1436"}],"wp:attachment":[{"href":"https:\/\/phoenixalt.swlauriersb.qc.ca\/fr\/wp-json\/wp\/v2\/media?parent=750"}],"curies":[{"name":"wp","href":"https:\/\/api.w.org\/{rel}","templated":true}]}}