{"id":739,"date":"2023-10-26T14:50:23","date_gmt":"2023-10-26T18:50:23","guid":{"rendered":"https:\/\/phoenix.swlauriersb.qc.ca\/?page_id=739"},"modified":"2026-03-10T14:37:12","modified_gmt":"2026-03-10T18:37:12","slug":"gouvernance-au-niveau-de-la-commission-scolaire","status":"publish","type":"page","link":"https:\/\/phoenixalt.swlauriersb.qc.ca\/fr\/gouvernance-au-niveau-de-la-commission-scolaire\/","title":{"rendered":"Gouvernance"},"content":{"rendered":"\n<h2 class=\"wp-block-heading\">Nouvelles de la commission scolaire<\/h2>\n\n\n\n<p>Normalement, l\u2019\u00e9cole alternative Phoenix ne forme pas de conseil d\u2019\u00e9tablissement. Toutefois, tous les parents ou membres de la communaut\u00e9 qui le souhaitent peuvent prendre rendez-vous avec la direction de l\u2019\u00e9cole pour passer en revue les politiques ou les rapports financiers. L\u2019\u00e9cole alternative Phoenix est fi\u00e8re d\u2019avoir les frais scolaires les plus bas de toute la commission scolaire en plus d\u2019offrir aux \u00e9l\u00e8ves toutes les fournitures scolaires n\u00e9cessaires ainsi qu\u2019un petit d\u00e9jeuner et un buffet du midi gratuits chaque jour. Toutes nos excursions sont aussi sans frais.<\/p>\n\n\n\n<p>L\u2019information relative \u00e0 la gouvernance au niveau de la commission scolaire sera affich\u00e9e sur la pr\u00e9sente page.<\/p>\n\n\n<ul><li>Pour consulter les politiques et r\u00e8glements de la Commission scolaire Sir-Wilfrid-Laurier, veuillez cliquer <a href=\"https:\/\/www.swlauriersb.qc.ca\/fr\/politiques-procedures-et-reglements\/\">ICI<\/a>.<\/li><\/ul>\n\n\n<div class=\"wp-block-buttons is-layout-flex wp-block-buttons-is-layout-flex\">\n<div class=\"wp-block-button is-style-text-link-pdf\"><a class=\"wp-block-button__link wp-element-button\" href=\"\/\/phoenixalt.swlauriersb.qc.ca\/wp-content\/uploads\/sites\/3\/2026\/03\/CC_Public_Notice_Special_2026_03_11_FR.pdf\" target=\"_blank\" rel=\"noreferrer noopener\">S\u00c9ANCE EXTRAORDINAIRE DU CONSEIL DES COMMISSAIRES<br>11 mars 2026<i class=\"icon-pdf\"><\/i><\/a><\/div>\n<\/div>\n","protected":false},"excerpt":{"rendered":"<p>Nouvelles de la commission scolaire Normalement, l\u2019\u00e9cole alternative Phoenix ne forme pas de conseil d\u2019\u00e9tablissement. Toutefois, tous les parents ou membres de la communaut\u00e9 qui le souhaitent peuvent prendre rendez-vous avec la direction de l\u2019\u00e9cole pour passer en revue les politiques ou les rapports financiers. L\u2019\u00e9cole alternative Phoenix est fi\u00e8re d\u2019avoir les frais scolaires les&hellip;<\/p>\n","protected":false},"author":1,"featured_media":0,"parent":0,"menu_order":0,"comment_status":"closed","ping_status":"closed","template":"","meta":{"_acf_changed":false,"_relevanssi_hide_post":"","_relevanssi_hide_content":"","_relevanssi_pin_for_all":"","_relevanssi_pin_keywords":"","_relevanssi_unpin_keywords":"","_relevanssi_related_keywords":"","_relevanssi_related_include_ids":"","_relevanssi_related_exclude_ids":"","_relevanssi_related_no_append":"","_relevanssi_related_not_related":"","_relevanssi_related_posts":"1309","_relevanssi_noindex_reason":"","footnotes":""},"acf":[],"_links":{"self":[{"href":"https:\/\/phoenixalt.swlauriersb.qc.ca\/fr\/wp-json\/wp\/v2\/pages\/739"}],"collection":[{"href":"https:\/\/phoenixalt.swlauriersb.qc.ca\/fr\/wp-json\/wp\/v2\/pages"}],"about":[{"href":"https:\/\/phoenixalt.swlauriersb.qc.ca\/fr\/wp-json\/wp\/v2\/types\/page"}],"author":[{"embeddable":true,"href":"https:\/\/phoenixalt.swlauriersb.qc.ca\/fr\/wp-json\/wp\/v2\/users\/1"}],"replies":[{"embeddable":true,"href":"https:\/\/phoenixalt.swlauriersb.qc.ca\/fr\/wp-json\/wp\/v2\/comments?post=739"}],"version-history":[{"count":4,"href":"https:\/\/phoenixalt.swlauriersb.qc.ca\/fr\/wp-json\/wp\/v2\/pages\/739\/revisions"}],"predecessor-version":[{"id":1508,"href":"https:\/\/phoenixalt.swlauriersb.qc.ca\/fr\/wp-json\/wp\/v2\/pages\/739\/revisions\/1508"}],"wp:attachment":[{"href":"https:\/\/phoenixalt.swlauriersb.qc.ca\/fr\/wp-json\/wp\/v2\/media?parent=739"}],"curies":[{"name":"wp","href":"https:\/\/api.w.org\/{rel}","templated":true}]}}