{"id":709,"date":"2023-12-12T18:53:32","date_gmt":"2023-12-12T23:53:32","guid":{"rendered":"https:\/\/phoenix.swlauriersb.qc.ca\/our-school-about-us\/"},"modified":"2024-12-14T10:00:16","modified_gmt":"2024-12-14T15:00:16","slug":"our-school-about-us","status":"publish","type":"page","link":"https:\/\/phoenixalt.swlauriersb.qc.ca\/fr\/our-school-about-us\/","title":{"rendered":"\u00c0 propos"},"content":{"rendered":"\n<h2 class=\"wp-block-heading\">Bienvenue dans la famille de l\u2019\u00e9cole Phoenix<\/h2>\n\n\n\n<figure class=\"wp-block-embed is-type-video is-provider-youtube wp-block-embed-youtube wp-embed-aspect-16-9 wp-has-aspect-ratio\"><div class=\"wp-block-embed__wrapper\">\n<iframe title=\"Phoenix Alternative High School intro video\" width=\"500\" height=\"281\" src=\"https:\/\/www.youtube.com\/embed\/aFUcdSrm7Rc?feature=oembed\" frameborder=\"0\" allow=\"accelerometer; autoplay; clipboard-write; encrypted-media; gyroscope; picture-in-picture; web-share\" referrerpolicy=\"strict-origin-when-cross-origin\" allowfullscreen><\/iframe>\n<\/div><\/figure>\n\n\n\n<div class=\"wp-block-columns is-layout-flex wp-container-core-columns-is-layout-1 wp-block-columns-is-layout-flex\">\n<div class=\"wp-block-column is-layout-flow wp-block-column-is-layout-flow\">\n<figure class=\"wp-block-image size-large is-resized\"><img decoding=\"async\" width=\"1024\" height=\"680\" src=\"https:\/\/phoenixalt.swlauriersb.qc.ca\/wp-content\/uploads\/sites\/3\/2023\/12\/Our_School_About_Us_staff-with-students-1024x680.jpg\" alt=\"Staff member speaking with students\" class=\"wp-image-696\" style=\"width:323px;height:auto\" title=\"\" srcset=\"https:\/\/phoenixalt.swlauriersb.qc.ca\/wp-content\/uploads\/sites\/3\/2023\/12\/Our_School_About_Us_staff-with-students-1024x680.jpg 1024w, https:\/\/phoenixalt.swlauriersb.qc.ca\/wp-content\/uploads\/sites\/3\/2023\/12\/Our_School_About_Us_staff-with-students-300x199.jpg 300w, https:\/\/phoenixalt.swlauriersb.qc.ca\/wp-content\/uploads\/sites\/3\/2023\/12\/Our_School_About_Us_staff-with-students-768x510.jpg 768w, https:\/\/phoenixalt.swlauriersb.qc.ca\/wp-content\/uploads\/sites\/3\/2023\/12\/Our_School_About_Us_staff-with-students-1536x1019.jpg 1536w, https:\/\/phoenixalt.swlauriersb.qc.ca\/wp-content\/uploads\/sites\/3\/2023\/12\/Our_School_About_Us_staff-with-students-2048x1359.jpg 2048w\" sizes=\"(max-width: 1024px) 100vw, 1024px\" \/><\/figure>\n<\/div>\n\n\n\n<div class=\"wp-block-column is-layout-flow wp-block-column-is-layout-flow\">\n<figure class=\"wp-block-image size-full is-resized\"><img decoding=\"async\" width=\"960\" height=\"960\" src=\"https:\/\/phoenixalt.swlauriersb.qc.ca\/wp-content\/uploads\/sites\/3\/2023\/12\/Our_School_About_Us-Student-with-dog.jpg\" alt=\"Student with Dog\" class=\"wp-image-691\" style=\"width:218px;height:auto\" title=\"\" srcset=\"https:\/\/phoenixalt.swlauriersb.qc.ca\/wp-content\/uploads\/sites\/3\/2023\/12\/Our_School_About_Us-Student-with-dog.jpg 960w, https:\/\/phoenixalt.swlauriersb.qc.ca\/wp-content\/uploads\/sites\/3\/2023\/12\/Our_School_About_Us-Student-with-dog-300x300.jpg 300w, https:\/\/phoenixalt.swlauriersb.qc.ca\/wp-content\/uploads\/sites\/3\/2023\/12\/Our_School_About_Us-Student-with-dog-150x150.jpg 150w, https:\/\/phoenixalt.swlauriersb.qc.ca\/wp-content\/uploads\/sites\/3\/2023\/12\/Our_School_About_Us-Student-with-dog-768x768.jpg 768w\" sizes=\"(max-width: 960px) 100vw, 960px\" \/><\/figure>\n<\/div>\n<\/div>\n\n\n\n\n<p>&#8211; Phoenix est une \u00e9cole alternative faisant partie de la Commission scolaire Sir-Wilfrid-Laurier. Nous sommes une petite \u00e9cole de 3<sup>e<\/sup>, 4<sup>e<\/sup> et 5<sup>e<\/sup> secondaire qui met l\u2019accent non seulement sur la croissance acad\u00e9mique, mais aussi sur l\u2019\u00e9panouissement personnel.<\/p>\n\n\n\n<p>Notre programme est con\u00e7u pour les \u00e9l\u00e8ves du secondaire pour qui un milieu alternatif est propice et qui ont la capacit\u00e9 d\u2019obtenir un dipl\u00f4me d\u2019\u00e9tudes secondaires.<\/p>\n\n\n\n<p>Puisque nous sommes une petite \u00e9cole secondaire, nous n\u2019offrons pas de cours enrichis de math\u00e9matique et de science. Toutefois, notre conseill\u00e8re en orientation et les membres de notre personnel aideront les \u00e9l\u00e8ves \u00e0 explorer les options permettant d\u2019obtenir ces cr\u00e9dits, si n\u00e9cessaire.<\/p>\n\n\n\n<p>L\u2019un des principes fondamentaux de l\u2019\u00e9cole alternative Phoenix est la notion de nouveau d\u00e9part. Nous croyons que les \u00e9l\u00e8ves m\u00e9ritent d\u2019avoir la possibilit\u00e9 d\u2019apprendre de leurs exp\u00e9riences; chaque jour est donc consid\u00e9r\u00e9 comme un recommencement. Tout au long de l\u2019ann\u00e9e, les membres d\u00e9vou\u00e9s et attentionn\u00e9s du personnel travaillent avec chaque \u00e9l\u00e8ve pour les guider et les soutenir dans l\u2019atteinte de leurs objectifs personnels, sociaux et acad\u00e9miques, tout en tenant les \u00e9l\u00e8ves responsables de leurs choix. Nous esp\u00e9rons que tous les \u00e9l\u00e8ves qui fr\u00e9quentent l\u2019\u00e9cole alternative Phoenix en repartiront avec une confiance en leurs capacit\u00e9s, une connaissance d\u2019eux-m\u00eames et une vision claire de leurs objectifs futurs.<\/p>\n\n\n\n<p>Nous sommes engag\u00e9s \u00e0 offrir aux \u00e9l\u00e8ves un environnement s\u00e9curitaire et accueillant pour les aider \u00e0 grandir en tant qu\u2019individu. Les \u00e9l\u00e8ves qui se joignent \u00e0 l\u2019\u00e9cole alternative Phoenix deviennent un membre de la famille Phoenix. Cette communaut\u00e9 grandissante est un milieu procurant un sentiment de s\u00e9curit\u00e9 suffisant pour que les \u00e9l\u00e8ves puissent \u00eatre eux-m\u00eames sans craindre de subir le jugement des autres. En tant que famille, nous valorisons le respect des autres, de notre \u00e9cole et de notre environnement.<\/p>\n\n\n\n<div class=\"block-accordions-group theme-block theme-block--innerblock aligndefault\">\n    <span class=\"theme-block__label\">Accord\u00e9ons<\/span>\n  \n    \n<div class=\"block-accordion  theme-block theme-block--innerblock aligndefault\">\n    <span class=\"theme-block__label\">Accord\u00e9on<\/span>\n    <h3 class=\"block-accordion__title\">En quoi notre \u00e9cole est-elle unique<\/h3>\n    \n\n<p>Nous sommes engag\u00e9s \u00e0 cr\u00e9er un milieu scolaire qui ressemble plus \u00e0 une famille, bien qu\u2019elle soit de grande taille. Nous y parvenons en donnant la priorit\u00e9 \u00e0 des relations positives et encadrantes avec nos \u00e9l\u00e8ves. L\u2019\u00e9quipe d\u00e9vou\u00e9e de l\u2019\u00e9cole s\u2019efforce de promouvoir et maintenir un environnement bienveillant et propice.<\/p>\n\n\n\n<p>Nous planifions des sorties scolaires fr\u00e9quentes o\u00f9 nous quittons l\u2019\u00e9cole pour aller jouer, apprendre et manger ensemble. Un repas provenant d\u2019un restaurant ou d\u2019une bo\u00eete \u00e0 lunch fournie par l\u2019\u00e9cole accompagne toutes nos sorties. Ces sorties offrent aux \u00e9l\u00e8ves des exp\u00e9riences \u00e9ducatives et des occasions de tisser des liens avec les autres \u00e9l\u00e8ves et les membres du personnel.<\/p>\n\n\n\n<p>Chaque semaine nous organisons le repas Friday Phoenix Feast. Cette activit\u00e9 permet aux \u00e9l\u00e8ves et aux membres du personnel d\u2019essayer les diverses cuisines ethniques locales.<\/p>\n\n\n\n<p>Ce festin est une occasion de s\u2019asseoir en famille et d\u2019appr\u00e9cier la compagnie de chacun.<\/p>\n\n\n\n<p>\u2022 Nous avons des classes multiniveaux pour les mati\u00e8res de base&nbsp;: cela permet aux \u00e9l\u00e8ves d\u2019apprendre \u00e0 se conna\u00eetre et de r\u00e9ellement faire partie int\u00e9grante de la famille Phoenix, ce qui contribue \u00e0 cr\u00e9er des liens durables avec leurs pairs.<\/p>\n\n\n\n<p>\u2022 Nous croyons en une approche non punitive&nbsp;: Nous nous attendons \u00e0 ce que les \u00e9l\u00e8ves fassent des erreurs, en assument la responsabilit\u00e9 et en tirent des le\u00e7ons. Nous n\u2019avons pas de local de retenue, nous ne donnons pas de suspension et nous offrons nombre illimit\u00e9 de nouveaux d\u00e9parts.<\/p>\n\n\n\n<p>\u2022 L\u2019\u00e9cole alternative Phoenix dispose d\u2019une salle multisensorielle Snoezelen, aussi appel\u00e9e la salle zen. Cet espace offre aux \u00e9l\u00e8ves l\u2019occasion de prendre du recul, de respirer et d\u2019explorer les outils th\u00e9rapeutiques \u00e0 leur disposition de mani\u00e8re s\u00e9curitaire et d\u00e9tendue.<\/p>\n\n\n\n<p>Nous sommes engag\u00e9s \u00e0 maintenir le faible nombre d\u2019\u00e9l\u00e8ves dans nos classes. De telles classes favorisent un apprentissage individualis\u00e9 et permettent de maintenir un faible ratio \u00e9l\u00e8ves-enseignant, ce qui enrichit l\u2019exp\u00e9rience p\u00e9dagogique.<\/p>\n\n\n\n<p>Nous offrons un programme mettant l\u2019accent sur le d\u00e9veloppement du caract\u00e8re.<\/p>\n\n\n\n<div class=\"wp-block-columns is-layout-flex wp-container-core-columns-is-layout-2 wp-block-columns-is-layout-flex\">\n<div class=\"wp-block-column is-layout-flow wp-block-column-is-layout-flow\">\n<figure class=\"wp-block-image size-large\"><img decoding=\"async\" width=\"1024\" height=\"768\" src=\"https:\/\/phoenixalt.swlauriersb.qc.ca\/wp-content\/uploads\/sites\/3\/2023\/12\/Our_School_About_Us-students-talking-1024x768.jpg\" alt=\"\" class=\"wp-image-694\" title=\"\" srcset=\"https:\/\/phoenixalt.swlauriersb.qc.ca\/wp-content\/uploads\/sites\/3\/2023\/12\/Our_School_About_Us-students-talking-1024x768.jpg 1024w, https:\/\/phoenixalt.swlauriersb.qc.ca\/wp-content\/uploads\/sites\/3\/2023\/12\/Our_School_About_Us-students-talking-300x225.jpg 300w, https:\/\/phoenixalt.swlauriersb.qc.ca\/wp-content\/uploads\/sites\/3\/2023\/12\/Our_School_About_Us-students-talking-768x576.jpg 768w, https:\/\/phoenixalt.swlauriersb.qc.ca\/wp-content\/uploads\/sites\/3\/2023\/12\/Our_School_About_Us-students-talking-1536x1152.jpg 1536w, https:\/\/phoenixalt.swlauriersb.qc.ca\/wp-content\/uploads\/sites\/3\/2023\/12\/Our_School_About_Us-students-talking-2048x1536.jpg 2048w\" sizes=\"(max-width: 1024px) 100vw, 1024px\" \/><\/figure>\n<\/div>\n\n\n\n<div class=\"wp-block-column is-layout-flow wp-block-column-is-layout-flow\">\n<figure class=\"wp-block-image size-large\"><img decoding=\"async\" width=\"1024\" height=\"768\" src=\"https:\/\/phoenixalt.swlauriersb.qc.ca\/wp-content\/uploads\/sites\/3\/2023\/12\/Our_School_About_Us-zen-room-1024x768.jpg\" alt=\"\" class=\"wp-image-695\" title=\"\" srcset=\"https:\/\/phoenixalt.swlauriersb.qc.ca\/wp-content\/uploads\/sites\/3\/2023\/12\/Our_School_About_Us-zen-room-1024x768.jpg 1024w, https:\/\/phoenixalt.swlauriersb.qc.ca\/wp-content\/uploads\/sites\/3\/2023\/12\/Our_School_About_Us-zen-room-300x225.jpg 300w, https:\/\/phoenixalt.swlauriersb.qc.ca\/wp-content\/uploads\/sites\/3\/2023\/12\/Our_School_About_Us-zen-room-768x576.jpg 768w, https:\/\/phoenixalt.swlauriersb.qc.ca\/wp-content\/uploads\/sites\/3\/2023\/12\/Our_School_About_Us-zen-room-1536x1152.jpg 1536w, https:\/\/phoenixalt.swlauriersb.qc.ca\/wp-content\/uploads\/sites\/3\/2023\/12\/Our_School_About_Us-zen-room-2048x1536.jpg 2048w\" sizes=\"(max-width: 1024px) 100vw, 1024px\" \/><\/figure>\n<\/div>\n\n\n\n<div class=\"wp-block-column is-layout-flow wp-block-column-is-layout-flow\">\n<figure class=\"wp-block-image size-large is-resized\"><img decoding=\"async\" width=\"1024\" height=\"562\" src=\"https:\/\/phoenixalt.swlauriersb.qc.ca\/wp-content\/uploads\/sites\/3\/2023\/12\/Our_School_About_Us-students-on-street-art-trip-1024x562.jpg\" alt=\"\" class=\"wp-image-692\" style=\"width:257px;height:auto\" title=\"\" srcset=\"https:\/\/phoenixalt.swlauriersb.qc.ca\/wp-content\/uploads\/sites\/3\/2023\/12\/Our_School_About_Us-students-on-street-art-trip-1024x562.jpg 1024w, https:\/\/phoenixalt.swlauriersb.qc.ca\/wp-content\/uploads\/sites\/3\/2023\/12\/Our_School_About_Us-students-on-street-art-trip-300x165.jpg 300w, https:\/\/phoenixalt.swlauriersb.qc.ca\/wp-content\/uploads\/sites\/3\/2023\/12\/Our_School_About_Us-students-on-street-art-trip-768x422.jpg 768w, https:\/\/phoenixalt.swlauriersb.qc.ca\/wp-content\/uploads\/sites\/3\/2023\/12\/Our_School_About_Us-students-on-street-art-trip-1536x844.jpg 1536w, https:\/\/phoenixalt.swlauriersb.qc.ca\/wp-content\/uploads\/sites\/3\/2023\/12\/Our_School_About_Us-students-on-street-art-trip-2048x1125.jpg 2048w\" sizes=\"(max-width: 1024px) 100vw, 1024px\" \/><\/figure>\n<\/div>\n<\/div>\n\n\n<\/div>\n\n                    \n\n\n<div class=\"block-accordion  theme-block theme-block--innerblock aligndefault\">\n    <span class=\"theme-block__label\">Accord\u00e9on<\/span>\n    <h3 class=\"block-accordion__title\">Qui peut fr\u00e9quenter l\u2019\u00e9cole alternative Phoenix?<\/h3>\n    \n\n<p>Le programme de l\u2019\u00e9cole alternative Phoenix commence en 3<sup>e<\/sup> secondaire. Les \u00e9l\u00e8ves doivent avoir r\u00e9ussi le 1<sup>er<\/sup> cycle du secondaire (2<sup>e<\/sup> secondaire) pour \u00eatre accept\u00e9s \u00e0 l\u2019\u00e9cole alternative Phoenix. Chaque demande est examin\u00e9e sur une base individuelle, et dans tous les cas, une entrevue est requise. Les \u00e9l\u00e8ves doivent avoir le potentiel acad\u00e9mique d\u2019obtenir un dipl\u00f4me d\u2019\u00e9tudes secondaires.<\/p>\n\n\n\n<p>La p\u00e9riode d\u2019inscription \u00e0 l\u2019\u00e9cole alternative Phoenix commence en juin, bien que des \u00e9l\u00e8ves sont accueillis continuellement, tout au long de l\u2019ann\u00e9e. Notre capacit\u00e9 maximale est d\u2019environ 60&nbsp;\u00e9l\u00e8ves. Nous atteignons normalement notre pleine capacit\u00e9 \u00e0 l\u2019automne; toutefois, des places se lib\u00e8rent tout au long de l\u2019ann\u00e9e.<\/p>\n\n\n\n<p>Pour de plus amples renseignements, n\u2019h\u00e9sitez pas \u00e0 communiquer avec nous sur Facebook, sur Instagram ou par t\u00e9l\u00e9phone au 450&nbsp;680-3036.<\/p>\n\n\n\n<p>Nous avons h\u00e2te d\u2019accueillir les nouveaux \u00e9l\u00e8ves dans la famille Phoenix!<\/p>\n\n\n\n<figure class=\"wp-block-image size-large\"><img decoding=\"async\" width=\"1024\" height=\"903\" src=\"https:\/\/phoenixalt.swlauriersb.qc.ca\/wp-content\/uploads\/sites\/3\/2023\/12\/Our_School_About_Us-Students-standing-outside-1024x903.jpg\" alt=\"\" class=\"wp-image-693\" title=\"\" srcset=\"https:\/\/phoenixalt.swlauriersb.qc.ca\/wp-content\/uploads\/sites\/3\/2023\/12\/Our_School_About_Us-Students-standing-outside-1024x903.jpg 1024w, https:\/\/phoenixalt.swlauriersb.qc.ca\/wp-content\/uploads\/sites\/3\/2023\/12\/Our_School_About_Us-Students-standing-outside-300x265.jpg 300w, https:\/\/phoenixalt.swlauriersb.qc.ca\/wp-content\/uploads\/sites\/3\/2023\/12\/Our_School_About_Us-Students-standing-outside-768x677.jpg 768w, https:\/\/phoenixalt.swlauriersb.qc.ca\/wp-content\/uploads\/sites\/3\/2023\/12\/Our_School_About_Us-Students-standing-outside.jpg 1125w\" sizes=\"(max-width: 1024px) 100vw, 1024px\" \/><\/figure>\n\n\n<\/div>\n\n                    \n\n\n<div class=\"block-accordion  theme-block theme-block--innerblock aligndefault\">\n    <span class=\"theme-block__label\">Accord\u00e9on<\/span>\n    <h3 class=\"block-accordion__title\">L\u2019HISTOIRE de l\u2019\u00e9cole alternative Phoenix<\/h3>\n    \n\n<p>En 1981, l\u2019\u00e9cole alternative Phoenix est cr\u00e9\u00e9e. Inspir\u00e9e de la vision du syndicat des enseignantes et des enseignants et la Commission scolaire Sir-Wilfrid-Laurier, le fondement de l\u2019exp\u00e9rience Phoenix est de prendre conscience que nos \u00e9l\u00e8ves ont besoin de compassion et de compr\u00e9hension. Pour honorer cet h\u00e9ritage, notre engagement est de soutenir nos \u00e9l\u00e8ves et de croire en leur capacit\u00e9, particuli\u00e8rement lorsque ces \u00e9l\u00e8ves n\u2019ont pas encore trouv\u00e9 le courage le faire d\u2019embl\u00e9e.<\/p>\n\n\n\n<p>LA L\u00c9GENDE ET LE PH\u00c9NIX QUI NOUS HABITE TOUS<\/p>\n\n\n\n<p>\u00ab&nbsp;Un autre symbole profond et universel de transformation nous parvient sous la forme de la l\u00e9gende ancienne du ph\u00e9nix. Cette l\u00e9gende est pr\u00e9sente, dans une version ou une autre, dans de nombreux pays, notamment en \u00c9gypte, en Perse, en Gr\u00e8ce, en Chine et en Irlande. Elle raconte l\u2019histoire d\u2019un oiseau fabuleux qui, \u00e0 un \u00e2ge avanc\u00e9, se construit un nid, y met le feu, puis est consum\u00e9 par les flammes. Des cendres de sa propre mort, na\u00eet un nouveau ph\u00e9nix.<\/p>\n\n\n\n<p>Toutes ces traditions, et bien d\u2019autres, existent pour nous rappeler que nous aussi, nous nous livrons \u00e0 une danse transformationnelle continuelle alors que nos interpr\u00e9tations, nos possessions, nos habitudes, nos relations et nos fa\u00e7ons d\u2019\u00eatre laissent place \u00e0 la nouveaut\u00e9. Lorsque quelque chose se termine, il n\u2019y a rien \u00e0 craindre. Il suffit de le reconna\u00eetre et de se rappeler que chacun porte aussi le ph\u00e9nix en lui.&nbsp;\u00bb<\/p>\n\n\n\n<p>Traduction libre d\u2019un extrait du chapitre&nbsp;10 du livre \u00ab&nbsp;<em>Honor Yourself:<\/em> <em>The Inner Art of Giving and Receiving<\/em>&nbsp;\u00bb de Patricia Spadaro.<\/p>\n\n\n\n<p> <\/p>\n\n\n<\/div>\n\n                    \n\n\n<\/div>\n","protected":false},"excerpt":{"rendered":"<p>Bienvenue dans la famille de l\u2019\u00e9cole Phoenix &#8211; Phoenix est une \u00e9cole alternative faisant partie de la Commission scolaire Sir-Wilfrid-Laurier. Nous sommes une petite \u00e9cole de 3e, 4e et 5e secondaire qui met l\u2019accent non seulement sur la croissance acad\u00e9mique, mais aussi sur l\u2019\u00e9panouissement personnel. Notre programme est con\u00e7u pour les \u00e9l\u00e8ves du secondaire pour&hellip;<\/p>\n","protected":false},"author":1,"featured_media":0,"parent":0,"menu_order":0,"comment_status":"closed","ping_status":"closed","template":"","meta":{"_acf_changed":false,"_relevanssi_hide_post":"","_relevanssi_hide_content":"","_relevanssi_pin_for_all":"","_relevanssi_pin_keywords":"","_relevanssi_unpin_keywords":"","_relevanssi_related_keywords":"","_relevanssi_related_include_ids":"","_relevanssi_related_exclude_ids":"","_relevanssi_related_no_append":"","_relevanssi_related_not_related":"","_relevanssi_related_posts":"108,106,445,1,304,372","_relevanssi_noindex_reason":"","footnotes":""},"acf":[],"_links":{"self":[{"href":"https:\/\/phoenixalt.swlauriersb.qc.ca\/fr\/wp-json\/wp\/v2\/pages\/709"}],"collection":[{"href":"https:\/\/phoenixalt.swlauriersb.qc.ca\/fr\/wp-json\/wp\/v2\/pages"}],"about":[{"href":"https:\/\/phoenixalt.swlauriersb.qc.ca\/fr\/wp-json\/wp\/v2\/types\/page"}],"author":[{"embeddable":true,"href":"https:\/\/phoenixalt.swlauriersb.qc.ca\/fr\/wp-json\/wp\/v2\/users\/1"}],"replies":[{"embeddable":true,"href":"https:\/\/phoenixalt.swlauriersb.qc.ca\/fr\/wp-json\/wp\/v2\/comments?post=709"}],"version-history":[{"count":8,"href":"https:\/\/phoenixalt.swlauriersb.qc.ca\/fr\/wp-json\/wp\/v2\/pages\/709\/revisions"}],"predecessor-version":[{"id":1208,"href":"https:\/\/phoenixalt.swlauriersb.qc.ca\/fr\/wp-json\/wp\/v2\/pages\/709\/revisions\/1208"}],"wp:attachment":[{"href":"https:\/\/phoenixalt.swlauriersb.qc.ca\/fr\/wp-json\/wp\/v2\/media?parent=709"}],"curies":[{"name":"wp","href":"https:\/\/api.w.org\/{rel}","templated":true}]}}